{"id":59,"date":"2021-02-05T11:25:56","date_gmt":"2021-02-05T10:25:56","guid":{"rendered":"https:\/\/himg.clinic\/webshop\/?post_type=product&#038;p=59"},"modified":"2021-12-01T15:00:58","modified_gmt":"2021-12-01T14:00:58","slug":"hajbeultetes-utani-kenocs","status":"publish","type":"product","link":"https:\/\/himg.clinic\/webshop\/termek\/hajbeultetes-utani-kenocs\/","title":{"rendered":"Hajbe\u00fcltet\u00e9s ut\u00e1ni ken\u0151cs"},"content":{"rendered":"<p>Univerz\u00e1lis fejb\u0151r \u00e9s hajpakol\u00e1s, a hydrolipid r\u00e9teg egyens\u00faly\u00e1nak rendez\u00e9s\u00e9re kiv\u00e1l\u00f3. Nagy mennyis\u00e9g\u0171 vizet visz a fejb\u0151r m\u00e9lyebb r\u00e9teg\u00e9be. Hidrat\u00e1l\u00f3 k\u00e9pess\u00e9ge 80% k\u00f6r\u00fcl van, mindezt \u00fagy hogy nem zs\u00edros\u00edtja, nem nehez\u00edti el a hajat. Szinte minden ter\u00e1pi\u00e1s kezel\u00e9snek fontos \u00f6sszetev\u0151je a spirulina alga sejtregener\u00e1l\u00f3 k\u00e9pess\u00e9g\u00e9vel.<\/p>\n","protected":false},"excerpt":{"rendered":"<p>Speci\u00e1lis kr\u00e9mter\u00e1pia kifejezetten hajbe\u00fcltet\u00e9s ut\u00e1ni kezel\u00e9sekhez<\/p>\n","protected":false},"featured_media":90,"template":"","meta":[],"product_brand":[],"product_cat":[20],"product_tag":[],"class_list":{"0":"post-59","1":"product","2":"type-product","3":"status-publish","4":"has-post-thumbnail","6":"product_cat-krem","8":"first","9":"instock","10":"taxable","11":"shipping-taxable","12":"purchasable","13":"product-type-simple"},"_links":{"self":[{"href":"https:\/\/himg.clinic\/webshop\/wp-json\/wp\/v2\/product\/59","targetHints":{"allow":["GET"]}}],"collection":[{"href":"https:\/\/himg.clinic\/webshop\/wp-json\/wp\/v2\/product"}],"about":[{"href":"https:\/\/himg.clinic\/webshop\/wp-json\/wp\/v2\/types\/product"}],"wp:featuredmedia":[{"embeddable":true,"href":"https:\/\/himg.clinic\/webshop\/wp-json\/wp\/v2\/media\/90"}],"wp:attachment":[{"href":"https:\/\/himg.clinic\/webshop\/wp-json\/wp\/v2\/media?parent=59"}],"wp:term":[{"taxonomy":"product_brand","embeddable":true,"href":"https:\/\/himg.clinic\/webshop\/wp-json\/wp\/v2\/product_brand?post=59"},{"taxonomy":"product_cat","embeddable":true,"href":"https:\/\/himg.clinic\/webshop\/wp-json\/wp\/v2\/product_cat?post=59"},{"taxonomy":"product_tag","embeddable":true,"href":"https:\/\/himg.clinic\/webshop\/wp-json\/wp\/v2\/product_tag?post=59"}],"curies":[{"name":"wp","href":"https:\/\/api.w.org\/{rel}","templated":true}]}}