{"id":58,"date":"2021-02-06T11:23:25","date_gmt":"2021-02-06T10:23:25","guid":{"rendered":"https:\/\/himg.clinic\/webshop\/?post_type=product&#038;p=58"},"modified":"2021-12-01T15:01:20","modified_gmt":"2021-12-01T14:01:20","slug":"hajbeultetes-utani-protein","status":"publish","type":"product","link":"https:\/\/himg.clinic\/webshop\/termek\/hajbeultetes-utani-protein\/","title":{"rendered":"Hajbe\u00fcltet\u00e9s ut\u00e1ni protein"},"content":{"rendered":"<p>Bioenergetikai m\u00e9r\u00e9sek szerint az olajesszenci\u00e1kat k\u00f6vet\u0151en az ampull\u00e1k tartalmazz\u00e1k a leger\u0151sebb akt\u00edv hat\u00f3anyagokat. A kezel\u00e9sek utols\u00f3 l\u00e9p\u00e9sek\u00e9nt haszn\u00e1ljuk. 48 \u00f3r\u00e1n kereszt\u00fcl fejti ki hat\u00e1s\u00e1t, \u00edgy egy elny\u00fajtott, folyamatos hat\u00f3anyag felsz\u00edv\u00f3d\u00e1st biztos\u00edt. A benne tal\u00e1lhat\u00f3 etil-alkohol term\u00e9szetes eredet\u0171, erjeszt\u00e9s \u00fatj\u00e1n kinyert old\u00f3szer. Egyes t\u00edpusai gyulladt fejb\u0151r\u00f6n nem alkalmazhat\u00f3ak!<\/p>\n","protected":false},"excerpt":{"rendered":"<p>Hajbe\u00fcltet\u00e9s ut\u00e1n jav\u00edtja \u00e9s regener\u00e1lja a k\u00f6zelm\u00faltban be\u00fcltetett hajsz\u00e1l \u00e9s hajhagyma s\u00e9r\u00fcl\u00e9seit.<\/p>\n","protected":false},"featured_media":91,"template":"","meta":[],"product_brand":[],"product_cat":[19],"product_tag":[],"class_list":{"0":"post-58","1":"product","2":"type-product","3":"status-publish","4":"has-post-thumbnail","6":"product_cat-protein-lotion","8":"first","9":"instock","10":"taxable","11":"shipping-taxable","12":"purchasable","13":"product-type-simple"},"_links":{"self":[{"href":"https:\/\/himg.clinic\/webshop\/wp-json\/wp\/v2\/product\/58","targetHints":{"allow":["GET"]}}],"collection":[{"href":"https:\/\/himg.clinic\/webshop\/wp-json\/wp\/v2\/product"}],"about":[{"href":"https:\/\/himg.clinic\/webshop\/wp-json\/wp\/v2\/types\/product"}],"wp:featuredmedia":[{"embeddable":true,"href":"https:\/\/himg.clinic\/webshop\/wp-json\/wp\/v2\/media\/91"}],"wp:attachment":[{"href":"https:\/\/himg.clinic\/webshop\/wp-json\/wp\/v2\/media?parent=58"}],"wp:term":[{"taxonomy":"product_brand","embeddable":true,"href":"https:\/\/himg.clinic\/webshop\/wp-json\/wp\/v2\/product_brand?post=58"},{"taxonomy":"product_cat","embeddable":true,"href":"https:\/\/himg.clinic\/webshop\/wp-json\/wp\/v2\/product_cat?post=58"},{"taxonomy":"product_tag","embeddable":true,"href":"https:\/\/himg.clinic\/webshop\/wp-json\/wp\/v2\/product_tag?post=58"}],"curies":[{"name":"wp","href":"https:\/\/api.w.org\/{rel}","templated":true}]}}