{"id":57,"date":"2021-02-02T11:20:48","date_gmt":"2021-02-02T10:20:48","guid":{"rendered":"https:\/\/himg.clinic\/webshop\/?post_type=product&#038;p=57"},"modified":"2021-12-01T15:00:22","modified_gmt":"2021-12-01T14:00:22","slug":"tea-fa-olaj-hajfurdo","status":"publish","type":"product","link":"https:\/\/himg.clinic\/webshop\/termek\/tea-fa-olaj-hajfurdo\/","title":{"rendered":"Tea fa olaj hajf\u00fcrd\u0151"},"content":{"rendered":"<p>Helyre\u00e1ll\u00edtja a fejb\u0151r term\u00e9szetes egyens\u00faly\u00e1t. Cs\u00f6kkenti a bakteri\u00e1lis eredet\u0171 korp\u00e1sod\u00e1st. Szab\u00e1lyozza a faggy\u00fatermel\u0151d\u00e9st. KERATIN a haj v\u00e9delm\u00e9\u00e9rt -regener\u00e1l\u00f3, \u00fajj\u00e1\u00e9p\u00edt\u0151 \u00e9s hidrat\u00e1l\u00f3 hat\u00e1s\u00e1nak k\u00f6sz\u00f6nhet\u0151en visszaadja a haj eg\u00e9szs\u00e9g\u00e9t \u00e9s term\u00e9szetes csillog\u00e1s\u00e1t. A term\u00e9szetes teafa ill\u00f3olaj f\u0171szeresen k\u00e1mforos, friss illat\u00e1t a narancs ill\u00f3olaj \u00e9des, gy\u00fcm\u00f6lcs\u00f6s illat\u00e1val l\u00e1gy\u00edtottuk.<\/p>\n","protected":false},"excerpt":{"rendered":"<p>Szab\u00e1lyozza a faggy\u00fatermel\u0151d\u00e9st. Cs\u00f6kkenti a bakteri\u00e1lis eredet\u0171 korp\u00e1sod\u00e1st. Helyre\u00e1ll\u00edtja a fejb\u0151r term\u00e9szetes egyens\u00faly\u00e1t.<\/p>\n","protected":false},"featured_media":92,"template":"","meta":[],"product_brand":[],"product_cat":[17],"product_tag":[],"class_list":{"0":"post-57","1":"product","2":"type-product","3":"status-publish","4":"has-post-thumbnail","6":"product_cat-sampon","8":"first","9":"instock","10":"taxable","11":"shipping-taxable","12":"purchasable","13":"product-type-simple"},"_links":{"self":[{"href":"https:\/\/himg.clinic\/webshop\/wp-json\/wp\/v2\/product\/57","targetHints":{"allow":["GET"]}}],"collection":[{"href":"https:\/\/himg.clinic\/webshop\/wp-json\/wp\/v2\/product"}],"about":[{"href":"https:\/\/himg.clinic\/webshop\/wp-json\/wp\/v2\/types\/product"}],"wp:featuredmedia":[{"embeddable":true,"href":"https:\/\/himg.clinic\/webshop\/wp-json\/wp\/v2\/media\/92"}],"wp:attachment":[{"href":"https:\/\/himg.clinic\/webshop\/wp-json\/wp\/v2\/media?parent=57"}],"wp:term":[{"taxonomy":"product_brand","embeddable":true,"href":"https:\/\/himg.clinic\/webshop\/wp-json\/wp\/v2\/product_brand?post=57"},{"taxonomy":"product_cat","embeddable":true,"href":"https:\/\/himg.clinic\/webshop\/wp-json\/wp\/v2\/product_cat?post=57"},{"taxonomy":"product_tag","embeddable":true,"href":"https:\/\/himg.clinic\/webshop\/wp-json\/wp\/v2\/product_tag?post=57"}],"curies":[{"name":"wp","href":"https:\/\/api.w.org\/{rel}","templated":true}]}}