{"id":56,"date":"2021-02-01T11:16:35","date_gmt":"2021-02-01T10:16:35","guid":{"rendered":"https:\/\/himg.clinic\/webshop\/?post_type=product&#038;p=56"},"modified":"2021-12-01T15:00:09","modified_gmt":"2021-12-01T14:00:09","slug":"zsiros-korpasodas-elleni-gyulladas-csokkento-sampon","status":"publish","type":"product","link":"https:\/\/himg.clinic\/webshop\/termek\/zsiros-korpasodas-elleni-gyulladas-csokkento-sampon\/","title":{"rendered":"Zs\u00edros korp\u00e1sod\u00e1s elleni gyullad\u00e1s cs\u00f6kkent\u0151 sampon"},"content":{"rendered":"<p>Sajnos m\u00e1ra m\u00e1r szeles k\u00f6rben elterjedt, sokak \u00e1ltal ismert zs\u00edros korpa bakteri\u00e1lis fert\u0151z\u00e9s kezel\u00e9s\u00e9re haszn\u00e1ljuk. Er\u0151s tiszt\u00edt\u00f3 \u00e9s bakt\u00e9rium\u00f6l\u0151 hat\u00e1sa miatt hat\u00e9konyan veszi fel a harcot a makacs fert\u0151z\u00e9ssel szemben. Folyamatos haszn\u00e1lata fenntart\u00f3 kezel\u00e9snek is kiv\u00e1l\u00f3. Er\u0151s fert\u0151z\u00e9s eset\u00e9n kieg\u00e9sz\u00edthet\u0151 egy\u00e9b kezel\u0151szerekkel. Tartalmaz t\u00f6bbek k\u00f6z\u00f6tt ricinus communis magolaj, k\u00f6z\u00f6ns\u00e9ges bojtorj\u00e1n, bor\u00f3kabogy\u00f3, ny\u00edrfa, izlandi zuzm\u00f3 kivonatokat, b\u00fazacs\u00edra protein \u00f6sszetev\u0151kkel is rendelkezik. V\u00e9delmet biztos\u00edt a fejb\u0151rt t\u00e1mad\u00f3 egy\u00e9b \u00e9l\u0151sk\u00f6d\u0151kkel szemben is. Koncentr\u00e1tum, ez\u00e9rt 2:1 ar\u00e1nyban h\u00edg\u00edtani kell.<\/p>\n","protected":false},"excerpt":{"rendered":"<p>Speci\u00e1lis hajf\u00fcrd\u0151, ami kifejezetten gyullad\u00e1s cs\u00f6kkent\u0151 \u00e9s bakt\u00e9rium\u00f6l\u0151 hat\u00f3anyagokat tartalmaz.<\/p>\n","protected":false},"featured_media":88,"template":"","meta":[],"product_brand":[],"product_cat":[17],"product_tag":[],"class_list":{"0":"post-56","1":"product","2":"type-product","3":"status-publish","4":"has-post-thumbnail","6":"product_cat-sampon","8":"first","9":"instock","10":"taxable","11":"shipping-taxable","12":"purchasable","13":"product-type-simple"},"_links":{"self":[{"href":"https:\/\/himg.clinic\/webshop\/wp-json\/wp\/v2\/product\/56","targetHints":{"allow":["GET"]}}],"collection":[{"href":"https:\/\/himg.clinic\/webshop\/wp-json\/wp\/v2\/product"}],"about":[{"href":"https:\/\/himg.clinic\/webshop\/wp-json\/wp\/v2\/types\/product"}],"wp:featuredmedia":[{"embeddable":true,"href":"https:\/\/himg.clinic\/webshop\/wp-json\/wp\/v2\/media\/88"}],"wp:attachment":[{"href":"https:\/\/himg.clinic\/webshop\/wp-json\/wp\/v2\/media?parent=56"}],"wp:term":[{"taxonomy":"product_brand","embeddable":true,"href":"https:\/\/himg.clinic\/webshop\/wp-json\/wp\/v2\/product_brand?post=56"},{"taxonomy":"product_cat","embeddable":true,"href":"https:\/\/himg.clinic\/webshop\/wp-json\/wp\/v2\/product_cat?post=56"},{"taxonomy":"product_tag","embeddable":true,"href":"https:\/\/himg.clinic\/webshop\/wp-json\/wp\/v2\/product_tag?post=56"}],"curies":[{"name":"wp","href":"https:\/\/api.w.org\/{rel}","templated":true}]}}