{"id":55,"date":"2021-02-08T11:00:39","date_gmt":"2021-02-08T10:00:39","guid":{"rendered":"https:\/\/himg.clinic\/webshop\/?post_type=product&#038;p=55"},"modified":"2021-12-01T15:01:39","modified_gmt":"2021-12-01T14:01:39","slug":"hajbeultetes-elotti-sampon","status":"publish","type":"product","link":"https:\/\/himg.clinic\/webshop\/termek\/hajbeultetes-elotti-sampon\/","title":{"rendered":"Hajbe\u00fcltet\u00e9s el\u00f6tti sampon"},"content":{"rendered":"<p>A Fejb\u0151r (t\u00e1ml\u00e1s\u00e1val, gyullad\u00e1s\u00e1val j\u00e1r\u00f3 probl\u00e9m\u00e1k eset\u00e9n alkalmazand\u00f3. Gomb\u00e1s, illetve egy\u00e9b rendellenes h\u00e1ml\u00e1s kezel\u00e9s\u00e9re elengedhetetlen ter\u00e1pi\u00e1s szer. Bojtorj\u00e1n, bor\u00f3kabogy\u00f3, feh\u00e9r ny\u00edrfa k\u00e9reg, izlandi zuzm\u00f3, borsmenta, allantoin, \u00e9s levendula \u00f6sszetev\u0151inek k\u00f6sz\u00f6nhet\u0151en er\u0151s ter\u00e1pi\u00e1s szernek min\u0151s\u00fcl. Biofizikai \u00faton tiszt\u00edtja a fejb\u0151rt. Haszn\u00e1lata sor\u00e1n v\u00e9gre olyan megold\u00e1st kaphatunk az ak\u00e1r \u00e9vek \u00f3ta kezelt probl\u00e9m\u00e1kra, amely nem csak p\u00e1r napra sz\u00fcnteti mega makacs t\u00fcneteket. Koncentr\u00e1tum, ez\u00e9rt 2:1 ar\u00e1nyban h\u00edg\u00edtani kell.<\/p>\n","protected":false},"excerpt":{"rendered":"<p>Fejb\u0151r fiatal\u00edt\u00f3, regener\u00e1l\u00f3, haj n\u00f6veked\u00e9st el\u0151seg\u00edt\u0151 sampon.  A n\u00f6v\u00e9nyi \u0151ssejt fontos t\u00e1panyagot biztos\u00edt, az emberi \u0151ssejt vitalit\u00e1s\u00e1nak \u00e9s \u00e9lettartam\u00e1nak n\u00f6vel\u00e9s\u00e9hez.<\/p>\n","protected":false},"featured_media":89,"template":"","meta":[],"product_brand":[],"product_cat":[17],"product_tag":[],"class_list":{"0":"post-55","1":"product","2":"type-product","3":"status-publish","4":"has-post-thumbnail","6":"product_cat-sampon","8":"first","9":"instock","10":"taxable","11":"shipping-taxable","12":"purchasable","13":"product-type-simple"},"_links":{"self":[{"href":"https:\/\/himg.clinic\/webshop\/wp-json\/wp\/v2\/product\/55","targetHints":{"allow":["GET"]}}],"collection":[{"href":"https:\/\/himg.clinic\/webshop\/wp-json\/wp\/v2\/product"}],"about":[{"href":"https:\/\/himg.clinic\/webshop\/wp-json\/wp\/v2\/types\/product"}],"wp:featuredmedia":[{"embeddable":true,"href":"https:\/\/himg.clinic\/webshop\/wp-json\/wp\/v2\/media\/89"}],"wp:attachment":[{"href":"https:\/\/himg.clinic\/webshop\/wp-json\/wp\/v2\/media?parent=55"}],"wp:term":[{"taxonomy":"product_brand","embeddable":true,"href":"https:\/\/himg.clinic\/webshop\/wp-json\/wp\/v2\/product_brand?post=55"},{"taxonomy":"product_cat","embeddable":true,"href":"https:\/\/himg.clinic\/webshop\/wp-json\/wp\/v2\/product_cat?post=55"},{"taxonomy":"product_tag","embeddable":true,"href":"https:\/\/himg.clinic\/webshop\/wp-json\/wp\/v2\/product_tag?post=55"}],"curies":[{"name":"wp","href":"https:\/\/api.w.org\/{rel}","templated":true}]}}