{"id":54,"date":"2021-02-07T11:10:53","date_gmt":"2021-02-07T10:10:53","guid":{"rendered":"https:\/\/himg.clinic\/webshop\/?post_type=product&#038;p=54"},"modified":"2021-12-01T15:01:32","modified_gmt":"2021-12-01T14:01:32","slug":"hajbeultetes-utani-sampon","status":"publish","type":"product","link":"https:\/\/himg.clinic\/webshop\/termek\/hajbeultetes-utani-sampon\/","title":{"rendered":"Hajbe\u00fcltet\u00e9s ut\u00e1ni sampon"},"content":{"rendered":"<p>Mandula hajf\u00fcrd\u0151. A fejb\u0151r v\u00edz-lipid r\u00e9teg egyens\u00faly\u00e1nak rendez\u00e9s\u00e9re alkalmas els\u0151k\u00f6r\u00f6s term\u00e9k. Hidrat\u00e1l\u00f3, v\u00edzmegk\u00f6t\u0151 k\u00e9pess\u00e9ge f\u0151k\u00e9nt a mandula \u00f6sszetev\u0151nek k\u00f6sz\u00f6nhet\u0151. Univerz\u00e1lis  k\u00e9sz\u00edtm\u00e9ny, minden hajt\u00edpusra, fejb\u0151rre  \u00e9s koroszt\u00e1ly sz\u00e1m\u00e1ra alkalmas. A hajsz\u00e1l vel\u0151\u00e1llom\u00e1ny\u00e1ba sz\u00edv\u00f3dva hosszantart\u00f3 hat\u00e1st eredm\u00e9nyez. H\u00edg\u00edtva \u00e9s t\u00f6m\u00e9nyen is egyar\u00e1nt alkalmazhat\u00f3.<\/p>\n","protected":false},"excerpt":{"rendered":"<p>Speci\u00e1lis hajf\u00fcrd\u0151, ami kifejezetten hajbe\u00fcltet\u00e9s ut\u00e1n aj\u00e1nlott, hidrat\u00e1lja \u00e9s nyugtatja a fejb\u0151rt<\/p>\n","protected":false},"featured_media":85,"template":"","meta":[],"product_brand":[],"product_cat":[17],"product_tag":[],"class_list":{"0":"post-54","1":"product","2":"type-product","3":"status-publish","4":"has-post-thumbnail","6":"product_cat-sampon","8":"first","9":"instock","10":"taxable","11":"shipping-taxable","12":"purchasable","13":"product-type-simple"},"_links":{"self":[{"href":"https:\/\/himg.clinic\/webshop\/wp-json\/wp\/v2\/product\/54","targetHints":{"allow":["GET"]}}],"collection":[{"href":"https:\/\/himg.clinic\/webshop\/wp-json\/wp\/v2\/product"}],"about":[{"href":"https:\/\/himg.clinic\/webshop\/wp-json\/wp\/v2\/types\/product"}],"wp:featuredmedia":[{"embeddable":true,"href":"https:\/\/himg.clinic\/webshop\/wp-json\/wp\/v2\/media\/85"}],"wp:attachment":[{"href":"https:\/\/himg.clinic\/webshop\/wp-json\/wp\/v2\/media?parent=54"}],"wp:term":[{"taxonomy":"product_brand","embeddable":true,"href":"https:\/\/himg.clinic\/webshop\/wp-json\/wp\/v2\/product_brand?post=54"},{"taxonomy":"product_cat","embeddable":true,"href":"https:\/\/himg.clinic\/webshop\/wp-json\/wp\/v2\/product_cat?post=54"},{"taxonomy":"product_tag","embeddable":true,"href":"https:\/\/himg.clinic\/webshop\/wp-json\/wp\/v2\/product_tag?post=54"}],"curies":[{"name":"wp","href":"https:\/\/api.w.org\/{rel}","templated":true}]}}