{"id":51,"date":"2021-02-03T11:03:18","date_gmt":"2021-02-03T10:03:18","guid":{"rendered":"https:\/\/himg.clinic\/webshop\/?post_type=product&#038;p=51"},"modified":"2021-12-01T15:00:37","modified_gmt":"2021-12-01T14:00:37","slug":"aha-tonic","status":"publish","type":"product","link":"https:\/\/himg.clinic\/webshop\/termek\/aha-tonic\/","title":{"rendered":"Aha+ tonic"},"content":{"rendered":"<p>Hajn\u00f6veszt\u0151 kezel\u00e9sek r\u00e9szek\u00e9nt haszn\u00e1ljuk. Hidrat\u00e1l\u00f3, fejb\u0151r fiatal\u00edt\u00f3, fejb\u0151r regener\u00e1l\u00f3 hat\u00e1s\u00fa. AHA gy\u00fcm\u00f6lcssav tartalm\u00e1nak k\u00f6sz\u00f6nhet\u0151en az er\u0151s szerek k\u00f6z\u00e9 tartozik, er\u0151s kering\u00e9sfokoz\u00f3 hat\u00e1s\u00fa. Felsz\u00edv\u00f3d\u00f3 k\u00e9pess\u00e9ge 85-90% k\u00f6r\u00fcl van a bioenergetikai sk\u00e1l\u00e1n. Alkalmaz\u00e1sa nem j\u00e1r zs\u00edrosod\u00e1s n\u00f6veked\u00e9ssel. \u00d6nmag\u00e1ban nem alkalmazhat\u00f3, haszn\u00e1lat\u00e1t megel\u0151zi egy ter\u00e1pi\u00e1s hajf\u00fcrd\u0151. A kezel\u00e9s utols\u00f3 l\u00e9p\u00e9sek\u00e9nt alkalmazzuk.<\/p>\n","protected":false},"excerpt":{"rendered":"<p>Hajhull\u00e1s elleni tonic. A kakukk f\u0171 \u00e9s a k\u00f6r\u00f6mvir\u00e1g kivonat j\u00f3t\u00e9kony hat\u00e1s\u00e1val. A n\u00f6v\u00e9nyi \u0151ssejt \u00e1llom\u00e1nyt az UTTWILER SPATLAUBER \u00e9s a z\u00f6ld alm\u00e1b\u00f3l nyerj\u00fck mely hozz\u00e1j\u00e1rul a haj min\u0151s\u00e9g\u00e9nek javul\u00e1s\u00e1hoz.<\/p>\n","protected":false},"featured_media":87,"template":"","meta":[],"product_brand":[],"product_cat":[18],"product_tag":[],"class_list":{"0":"post-51","1":"product","2":"type-product","3":"status-publish","4":"has-post-thumbnail","6":"product_cat-tonic","8":"first","9":"instock","10":"taxable","11":"shipping-taxable","12":"purchasable","13":"product-type-simple"},"_links":{"self":[{"href":"https:\/\/himg.clinic\/webshop\/wp-json\/wp\/v2\/product\/51","targetHints":{"allow":["GET"]}}],"collection":[{"href":"https:\/\/himg.clinic\/webshop\/wp-json\/wp\/v2\/product"}],"about":[{"href":"https:\/\/himg.clinic\/webshop\/wp-json\/wp\/v2\/types\/product"}],"wp:featuredmedia":[{"embeddable":true,"href":"https:\/\/himg.clinic\/webshop\/wp-json\/wp\/v2\/media\/87"}],"wp:attachment":[{"href":"https:\/\/himg.clinic\/webshop\/wp-json\/wp\/v2\/media?parent=51"}],"wp:term":[{"taxonomy":"product_brand","embeddable":true,"href":"https:\/\/himg.clinic\/webshop\/wp-json\/wp\/v2\/product_brand?post=51"},{"taxonomy":"product_cat","embeddable":true,"href":"https:\/\/himg.clinic\/webshop\/wp-json\/wp\/v2\/product_cat?post=51"},{"taxonomy":"product_tag","embeddable":true,"href":"https:\/\/himg.clinic\/webshop\/wp-json\/wp\/v2\/product_tag?post=51"}],"curies":[{"name":"wp","href":"https:\/\/api.w.org\/{rel}","templated":true}]}}