{"id":40,"date":"2021-02-04T13:12:24","date_gmt":"2021-02-04T12:12:24","guid":{"rendered":"https:\/\/himg.clinic\/webshop\/?post_type=product&#038;p=40"},"modified":"2021-12-01T15:00:48","modified_gmt":"2021-12-01T14:00:48","slug":"aha-hajfurdo-sampon","status":"publish","type":"product","link":"https:\/\/himg.clinic\/webshop\/termek\/aha-hajfurdo-sampon\/","title":{"rendered":"Aha+ Hajf\u00fcrd\u0151 sampon"},"content":{"rendered":"<p>Az AHA sampon tov\u00e1bbfejlesztett v\u00e1ltozata. Z\u00f6ldalm\u00e1b\u00f3l (Uttwiler Sp\u00e4tlauber)  kivont hegsz\u00f6veti \u0151ssejt kult\u00far\u00e1val d\u00fas\u00edtott  k\u00e9sz\u00edtm\u00e9ny. A n\u00f6v\u00e9nyi \u0151ssejtek eredm\u00e9nyesen j\u00e1rulnak hozz\u00e1 az emberi \u0151ssejtek \u00e9lettartam\u00e1nak \u00e9s vitalit\u00e1s\u00e1nak n\u00f6vel\u00e9s\u00e9hez.<br \/>\nA hajt\u00fcsz\u0151ben tal\u00e1lhat\u00f3 alapsejteket t\u00e1pl\u00e1lja, seg\u00edti az oszt\u00f3d\u00e1sukat, \u00edgy eredm\u00e9nyezve a haj d\u00fasul\u00e1s\u00e1t. Az \u0151ssejtes ter\u00e1pi\u00e1k r\u00e9g\u00f3ta sz\u00e9les k\u00f6rben ismeretesek. A hajf\u00fcrd\u0151 kering\u00e9sfokoz\u00f3 hat\u00e1s\u00fa, \u00edgy haszn\u00e1lat\u00e1n\u00e1l ezt sz\u00e1m\u00edt\u00e1sba kell venni. Er\u0151sen gyulladt, v\u00e9rtolul\u00e1sos fejb\u0151r\u00f6n csak er\u0151s h\u00edg\u00edt\u00e1ssal haszn\u00e1lhat\u00f3. Koncentr\u00e1tum, ez\u00e9rt 2:1 ar\u00e1nyban h\u00edg\u00edtani kell.<\/p>\n","protected":false},"excerpt":{"rendered":"<p>Fejb\u0151r fiatal\u00edt\u00f3, regener\u00e1l\u00f3 \u00e9s hajn\u00f6veked\u00e9st el\u0151seg\u00edt\u0151 sampon. A n\u00f6v\u00e9nyi \u0151ssejt fontos t\u00e1panyagot biztos\u00edt, az emberi \u0151ssejt vitalit\u00e1s\u00e1nak \u00e9s \u00e9lettartam\u00e1nak n\u00f6vel\u00e9s\u00e9hez.<\/p>\n","protected":false},"featured_media":86,"template":"","meta":[],"product_brand":[],"product_cat":[17],"product_tag":[],"class_list":{"0":"post-40","1":"product","2":"type-product","3":"status-publish","4":"has-post-thumbnail","6":"product_cat-sampon","8":"first","9":"instock","10":"taxable","11":"shipping-taxable","12":"purchasable","13":"product-type-simple"},"_links":{"self":[{"href":"https:\/\/himg.clinic\/webshop\/wp-json\/wp\/v2\/product\/40","targetHints":{"allow":["GET"]}}],"collection":[{"href":"https:\/\/himg.clinic\/webshop\/wp-json\/wp\/v2\/product"}],"about":[{"href":"https:\/\/himg.clinic\/webshop\/wp-json\/wp\/v2\/types\/product"}],"wp:featuredmedia":[{"embeddable":true,"href":"https:\/\/himg.clinic\/webshop\/wp-json\/wp\/v2\/media\/86"}],"wp:attachment":[{"href":"https:\/\/himg.clinic\/webshop\/wp-json\/wp\/v2\/media?parent=40"}],"wp:term":[{"taxonomy":"product_brand","embeddable":true,"href":"https:\/\/himg.clinic\/webshop\/wp-json\/wp\/v2\/product_brand?post=40"},{"taxonomy":"product_cat","embeddable":true,"href":"https:\/\/himg.clinic\/webshop\/wp-json\/wp\/v2\/product_cat?post=40"},{"taxonomy":"product_tag","embeddable":true,"href":"https:\/\/himg.clinic\/webshop\/wp-json\/wp\/v2\/product_tag?post=40"}],"curies":[{"name":"wp","href":"https:\/\/api.w.org\/{rel}","templated":true}]}}