{"id":59,"date":"2021-02-05T11:25:56","date_gmt":"2021-02-05T10:25:56","guid":{"rendered":"https:\/\/himg.clinic\/webshop\/?post_type=product&#038;p=59"},"modified":"2021-12-01T15:00:58","modified_gmt":"2021-12-01T14:00:58","slug":"hajbeultetes-utani-kenocs","status":"publish","type":"product","link":"https:\/\/himg.clinic\/webshop\/sk\/produkt\/hajbeultetes-utani-kenocs\/","title":{"rendered":"Kr\u00e9m na darcovsk\u00fa oblas\u0165 po transplant\u00e1cii vlasov"},"content":{"rendered":"<p>Univerz\u00e1lny z\u00e1bal na vlasov\u00fa poko\u017eku, vynikaj\u00faci na vyrovn\u00e1vanie hydrolipidovej vrstvy. Hydratuje hlb\u0161ie vrstvy poko\u017eky hlavy. Jeho hydrata\u010dn\u00e1 schopnos\u0165 je okolo 80%, a to v\u0161etko bez mastenia alebo za\u0165a\u017eovania vlasov. D\u00f4le\u017eitou s\u00fa\u010das\u0165ou   lie\u010dby je riasa spirula a jej schopnos\u0165 regenerova\u0165 bunky.<\/p>","protected":false},"excerpt":{"rendered":"<p>\u0160peci\u00e1lny kr\u00e9m na darcovsk\u00fa oblas\u0165 ur\u010den\u00fd na o\u0161etrenie poko\u017eky po transplant\u00e1cii vlasov.<\/p>","protected":false},"featured_media":90,"template":"","meta":[],"product_brand":[],"product_cat":[20],"product_tag":[],"class_list":{"0":"post-59","1":"product","2":"type-product","3":"status-publish","4":"has-post-thumbnail","6":"product_cat-krem","8":"first","9":"instock","10":"taxable","11":"shipping-taxable","12":"purchasable","13":"product-type-simple"},"_links":{"self":[{"href":"https:\/\/himg.clinic\/webshop\/sk\/wp-json\/wp\/v2\/product\/59","targetHints":{"allow":["GET"]}}],"collection":[{"href":"https:\/\/himg.clinic\/webshop\/sk\/wp-json\/wp\/v2\/product"}],"about":[{"href":"https:\/\/himg.clinic\/webshop\/sk\/wp-json\/wp\/v2\/types\/product"}],"wp:featuredmedia":[{"embeddable":true,"href":"https:\/\/himg.clinic\/webshop\/sk\/wp-json\/wp\/v2\/media\/90"}],"wp:attachment":[{"href":"https:\/\/himg.clinic\/webshop\/sk\/wp-json\/wp\/v2\/media?parent=59"}],"wp:term":[{"taxonomy":"product_brand","embeddable":true,"href":"https:\/\/himg.clinic\/webshop\/sk\/wp-json\/wp\/v2\/product_brand?post=59"},{"taxonomy":"product_cat","embeddable":true,"href":"https:\/\/himg.clinic\/webshop\/sk\/wp-json\/wp\/v2\/product_cat?post=59"},{"taxonomy":"product_tag","embeddable":true,"href":"https:\/\/himg.clinic\/webshop\/sk\/wp-json\/wp\/v2\/product_tag?post=59"}],"curies":[{"name":"wp","href":"https:\/\/api.w.org\/{rel}","templated":true}]}}