{"id":58,"date":"2021-02-06T11:23:25","date_gmt":"2021-02-06T10:23:25","guid":{"rendered":"https:\/\/himg.clinic\/webshop\/?post_type=product&#038;p=58"},"modified":"2021-12-01T15:01:20","modified_gmt":"2021-12-01T14:01:20","slug":"hajbeultetes-utani-protein","status":"publish","type":"product","link":"https:\/\/himg.clinic\/webshop\/sk\/produkt\/hajbeultetes-utani-protein\/","title":{"rendered":"Protein na transplantovan\u00e9 vlasy"},"content":{"rendered":"<p>Pod\u013ea bioenergetick\u00fdch meran\u00ed obsahuj\u00fa po olejov\u00fdch esenci\u00e1ch  najsilnej\u0161ie \u00fa\u010dinn\u00e9 l\u00e1tky pr\u00e1ve ampulky. Pou\u017e\u00edva sa ako posledn\u00fd krok v lie\u010dbe. P\u00f4sob\u00ed 48 hod\u00edn, \u010d\u00edm poskytuje pred\u013a\u017een\u00fa nepretr\u017eit\u00fa absorpciu akt\u00edvnej zlo\u017eky. Etylalkohol v \u0148om obsiahnut\u00fd je rozp\u00fa\u0161\u0165adlom pr\u00edrodn\u00e9ho p\u00f4vodu z\u00edskan\u00fdm ferment\u00e1ciou. Nie je vhodn\u00fd na zap\u00e1len\u00fa poko\u017eku hlavy!<\/p>","protected":false},"excerpt":{"rendered":"<p>Prote\u00edn na  transplantovan\u00e9 vlasy, opravuje a regeneruje po\u0161kodenie ned\u00e1vno implantovan\u00fdch vlasov\u00fdch cibuliek.<\/p>","protected":false},"featured_media":91,"template":"","meta":[],"product_brand":[],"product_cat":[19],"product_tag":[],"class_list":{"0":"post-58","1":"product","2":"type-product","3":"status-publish","4":"has-post-thumbnail","6":"product_cat-protein-lotion","8":"first","9":"instock","10":"taxable","11":"shipping-taxable","12":"purchasable","13":"product-type-simple"},"_links":{"self":[{"href":"https:\/\/himg.clinic\/webshop\/sk\/wp-json\/wp\/v2\/product\/58","targetHints":{"allow":["GET"]}}],"collection":[{"href":"https:\/\/himg.clinic\/webshop\/sk\/wp-json\/wp\/v2\/product"}],"about":[{"href":"https:\/\/himg.clinic\/webshop\/sk\/wp-json\/wp\/v2\/types\/product"}],"wp:featuredmedia":[{"embeddable":true,"href":"https:\/\/himg.clinic\/webshop\/sk\/wp-json\/wp\/v2\/media\/91"}],"wp:attachment":[{"href":"https:\/\/himg.clinic\/webshop\/sk\/wp-json\/wp\/v2\/media?parent=58"}],"wp:term":[{"taxonomy":"product_brand","embeddable":true,"href":"https:\/\/himg.clinic\/webshop\/sk\/wp-json\/wp\/v2\/product_brand?post=58"},{"taxonomy":"product_cat","embeddable":true,"href":"https:\/\/himg.clinic\/webshop\/sk\/wp-json\/wp\/v2\/product_cat?post=58"},{"taxonomy":"product_tag","embeddable":true,"href":"https:\/\/himg.clinic\/webshop\/sk\/wp-json\/wp\/v2\/product_tag?post=58"}],"curies":[{"name":"wp","href":"https:\/\/api.w.org\/{rel}","templated":true}]}}