{"id":57,"date":"2021-02-02T11:20:48","date_gmt":"2021-02-02T10:20:48","guid":{"rendered":"https:\/\/himg.clinic\/webshop\/?post_type=product&#038;p=57"},"modified":"2021-12-01T15:00:22","modified_gmt":"2021-12-01T14:00:22","slug":"tea-fa-olaj-hajfurdo","status":"publish","type":"product","link":"https:\/\/himg.clinic\/webshop\/sk\/produkt\/tea-fa-olaj-hajfurdo\/","title":{"rendered":"\u0160amp\u00f3n s \u010dajovn\u00edkov\u00fdm olejom"},"content":{"rendered":"<p>Obnovuje prirodzen\u00fa rovnov\u00e1hu poko\u017eky hlavy. Redukuje bakteri\u00e1lne lupiny. Kontroluje tvorbu ko\u017en\u00e9ho mazu. KERATIN v\u010faka svojmu regenera\u010dn\u00e9mu a hydrata\u010dn\u00e9mu \u00fa\u010dinku obnovuje zdravie a prirodzen\u00fd lesk vlasov. Pikantn\u00e1 g\u00e1forov\u00e1, svie\u017ea v\u00f4\u0148a pr\u00edrodn\u00e9ho \u010dajovn\u00edkov\u00e9ho esenci\u00e1lneho oleja bola zjemnen\u00e1 sladkou, ovocnou v\u00f4\u0148ou pomaran\u010dov\u00e9ho oleja.<\/p>","protected":false},"excerpt":{"rendered":"<p>\"Optimalizuje tvorbu ko\u017en\u00e9ho mazu.\nRedukuje bakteri\u00e1lne lupiny.\nObnovuje prirodzen\u00fa rovnov\u00e1hu poko\u017eky hlavy.\"<\/p>","protected":false},"featured_media":92,"template":"","meta":[],"product_brand":[],"product_cat":[17],"product_tag":[],"class_list":{"0":"post-57","1":"product","2":"type-product","3":"status-publish","4":"has-post-thumbnail","6":"product_cat-sampon","8":"first","9":"instock","10":"taxable","11":"shipping-taxable","12":"purchasable","13":"product-type-simple"},"_links":{"self":[{"href":"https:\/\/himg.clinic\/webshop\/sk\/wp-json\/wp\/v2\/product\/57","targetHints":{"allow":["GET"]}}],"collection":[{"href":"https:\/\/himg.clinic\/webshop\/sk\/wp-json\/wp\/v2\/product"}],"about":[{"href":"https:\/\/himg.clinic\/webshop\/sk\/wp-json\/wp\/v2\/types\/product"}],"wp:featuredmedia":[{"embeddable":true,"href":"https:\/\/himg.clinic\/webshop\/sk\/wp-json\/wp\/v2\/media\/92"}],"wp:attachment":[{"href":"https:\/\/himg.clinic\/webshop\/sk\/wp-json\/wp\/v2\/media?parent=57"}],"wp:term":[{"taxonomy":"product_brand","embeddable":true,"href":"https:\/\/himg.clinic\/webshop\/sk\/wp-json\/wp\/v2\/product_brand?post=57"},{"taxonomy":"product_cat","embeddable":true,"href":"https:\/\/himg.clinic\/webshop\/sk\/wp-json\/wp\/v2\/product_cat?post=57"},{"taxonomy":"product_tag","embeddable":true,"href":"https:\/\/himg.clinic\/webshop\/sk\/wp-json\/wp\/v2\/product_tag?post=57"}],"curies":[{"name":"wp","href":"https:\/\/api.w.org\/{rel}","templated":true}]}}