{"id":56,"date":"2021-02-01T11:16:35","date_gmt":"2021-02-01T10:16:35","guid":{"rendered":"https:\/\/himg.clinic\/webshop\/?post_type=product&#038;p=56"},"modified":"2021-12-01T15:00:09","modified_gmt":"2021-12-01T14:00:09","slug":"zsiros-korpasodas-elleni-gyulladas-csokkento-sampon","status":"publish","type":"product","link":"https:\/\/himg.clinic\/webshop\/sk\/produkt\/zsiros-korpasodas-elleni-gyulladas-csokkento-sampon\/","title":{"rendered":"Protiz\u00e1palov\u00fd \u0161amp\u00f3n na mastn\u00e9 lupiny"},"content":{"rendered":"<p>Tento \u0161amp\u00f3n sa pou\u017e\u00edva na lie\u010dbu bakteri\u00e1lnych infekci\u00ed, ktor\u00e9 sp\u00f4sobuj\u00fa takzvan\u00e9 mastn\u00e9 lupiny. V\u010faka svojmu siln\u00e9mu \u010distiacemu a bakteric\u00eddnemu \u00fa\u010dinku je \u00fa\u010dinn\u00fd aj v boji so silnou  infekciou. Vhodn\u00fd aj na pravideln\u00e9 pou\u017e\u00edvanie a udr\u017eanie zdravia poko\u017eky hlavy. V pr\u00edpade \u0165a\u017ekej infekcie m\u00f4\u017ee by\u0165 doplnen\u00e1 aj in\u00e1 lie\u010dba. Obsahuje okrem in\u00e9ho v\u00fd\u0165a\u017eky zo semien ricinus communis, lop\u00facha, borievky, brezy, islandsk\u00e9ho li\u0161ajn\u00edka, prote\u00ednov\u00e9 zlo\u017eky z p\u0161eni\u010dn\u00fdch kl\u00ed\u010dkov. Poskytuje tie\u017e ochranu pred parazitmi, ktor\u00e9 nap\u00e1daj\u00fa poko\u017eku hlavy. Je to koncentr\u00e1t a mus\u00ed sa riedi\u0165 v pomere 2:1.<\/p>","protected":false},"excerpt":{"rendered":"<p>\u0160peci\u00e1lny \u0161amp\u00f3n na vlasy, ktor\u00fd obsahuje protiz\u00e1palov\u00e9 a protibakteri\u00e1lne l\u00e1tky.<\/p>","protected":false},"featured_media":88,"template":"","meta":[],"product_brand":[],"product_cat":[17],"product_tag":[],"class_list":{"0":"post-56","1":"product","2":"type-product","3":"status-publish","4":"has-post-thumbnail","6":"product_cat-sampon","8":"first","9":"instock","10":"taxable","11":"shipping-taxable","12":"purchasable","13":"product-type-simple"},"_links":{"self":[{"href":"https:\/\/himg.clinic\/webshop\/sk\/wp-json\/wp\/v2\/product\/56","targetHints":{"allow":["GET"]}}],"collection":[{"href":"https:\/\/himg.clinic\/webshop\/sk\/wp-json\/wp\/v2\/product"}],"about":[{"href":"https:\/\/himg.clinic\/webshop\/sk\/wp-json\/wp\/v2\/types\/product"}],"wp:featuredmedia":[{"embeddable":true,"href":"https:\/\/himg.clinic\/webshop\/sk\/wp-json\/wp\/v2\/media\/88"}],"wp:attachment":[{"href":"https:\/\/himg.clinic\/webshop\/sk\/wp-json\/wp\/v2\/media?parent=56"}],"wp:term":[{"taxonomy":"product_brand","embeddable":true,"href":"https:\/\/himg.clinic\/webshop\/sk\/wp-json\/wp\/v2\/product_brand?post=56"},{"taxonomy":"product_cat","embeddable":true,"href":"https:\/\/himg.clinic\/webshop\/sk\/wp-json\/wp\/v2\/product_cat?post=56"},{"taxonomy":"product_tag","embeddable":true,"href":"https:\/\/himg.clinic\/webshop\/sk\/wp-json\/wp\/v2\/product_tag?post=56"}],"curies":[{"name":"wp","href":"https:\/\/api.w.org\/{rel}","templated":true}]}}