{"id":55,"date":"2021-02-08T11:00:39","date_gmt":"2021-02-08T10:00:39","guid":{"rendered":"https:\/\/himg.clinic\/webshop\/?post_type=product&#038;p=55"},"modified":"2021-12-01T15:01:39","modified_gmt":"2021-12-01T14:01:39","slug":"hajbeultetes-elotti-sampon","status":"publish","type":"product","link":"https:\/\/himg.clinic\/webshop\/sk\/produkt\/hajbeultetes-elotti-sampon\/","title":{"rendered":"\u0160amp\u00f3n pred transplant\u00e1ciou vlasov"},"content":{"rendered":"<p>Pou\u017e\u00edva sa pri probl\u00e9moch s lupinami a z\u00e1palmi vlasovej poko\u017eky. Je to z\u00e1kladn\u00fd terapeutick\u00fd pr\u00edpravok na lie\u010dbu ples\u0148ov\u00fdch a in\u00fdch ko\u017en\u00fdch ochoren\u00ed. Je to siln\u00fd terapeutick\u00fd prostriedok v\u010faka pr\u00edrodn\u00fdm zlo\u017ek\u00e1m ako: lop\u00fach, plody borievky, k\u00f4ra brezy bielej, islandsk\u00fd li\u0161ajn\u00edk, m\u00e4ta pieporn\u00e1, alanto\u00edn a levandula. Biofyzik\u00e1lne \u010dist\u00ed poko\u017eku hlavy. Pri pravidelnom pou\u017e\u00edvan\u00ed pon\u00faka rie\u0161enie na roky lie\u010den\u00e9 probl\u00e9my. Je to koncentr\u00e1t a mus\u00ed sa riedi\u0165 v pomere 2:1.<\/p>","protected":false},"excerpt":{"rendered":"<p>\u0160amp\u00f3n na omladzovanie a regener\u00e1ciu vlasovej poko\u017eky, podporuj\u00faci rast vlasov. Rastlinn\u00e9 kme\u0148ov\u00e9 bunky poskytuj\u00fa d\u00f4le\u017eit\u00e9 \u017eiviny na zv\u00fd\u0161enie vitality a dlhovekosti \u013eudsk\u00fdch kme\u0148ov\u00fdch buniek.<\/p>","protected":false},"featured_media":89,"template":"","meta":[],"product_brand":[],"product_cat":[17],"product_tag":[],"class_list":{"0":"post-55","1":"product","2":"type-product","3":"status-publish","4":"has-post-thumbnail","6":"product_cat-sampon","8":"first","9":"instock","10":"taxable","11":"shipping-taxable","12":"purchasable","13":"product-type-simple"},"_links":{"self":[{"href":"https:\/\/himg.clinic\/webshop\/sk\/wp-json\/wp\/v2\/product\/55","targetHints":{"allow":["GET"]}}],"collection":[{"href":"https:\/\/himg.clinic\/webshop\/sk\/wp-json\/wp\/v2\/product"}],"about":[{"href":"https:\/\/himg.clinic\/webshop\/sk\/wp-json\/wp\/v2\/types\/product"}],"wp:featuredmedia":[{"embeddable":true,"href":"https:\/\/himg.clinic\/webshop\/sk\/wp-json\/wp\/v2\/media\/89"}],"wp:attachment":[{"href":"https:\/\/himg.clinic\/webshop\/sk\/wp-json\/wp\/v2\/media?parent=55"}],"wp:term":[{"taxonomy":"product_brand","embeddable":true,"href":"https:\/\/himg.clinic\/webshop\/sk\/wp-json\/wp\/v2\/product_brand?post=55"},{"taxonomy":"product_cat","embeddable":true,"href":"https:\/\/himg.clinic\/webshop\/sk\/wp-json\/wp\/v2\/product_cat?post=55"},{"taxonomy":"product_tag","embeddable":true,"href":"https:\/\/himg.clinic\/webshop\/sk\/wp-json\/wp\/v2\/product_tag?post=55"}],"curies":[{"name":"wp","href":"https:\/\/api.w.org\/{rel}","templated":true}]}}