{"id":54,"date":"2021-02-07T11:10:53","date_gmt":"2021-02-07T10:10:53","guid":{"rendered":"https:\/\/himg.clinic\/webshop\/?post_type=product&#038;p=54"},"modified":"2021-12-01T15:01:32","modified_gmt":"2021-12-01T14:01:32","slug":"hajbeultetes-utani-sampon","status":"publish","type":"product","link":"https:\/\/himg.clinic\/webshop\/sk\/produkt\/hajbeultetes-utani-sampon\/","title":{"rendered":"\u0161amp\u00f3n po transplant\u00e1cii vlasov"},"content":{"rendered":"<p>Mand\u013eov\u00fd \u0161amp\u00f3n na vlasy. Je to prvotriedny produkt na vyv\u00e1\u017eenie vodno-lipidovej vrstvy poko\u017eky hlavy. Jeho hydratuj\u00faca schopnos\u0165 viaza\u0165 vodu je sp\u00f4soben\u00e1 najm\u00e4 mand\u013eovou zlo\u017ekou. Univerz\u00e1lny pr\u00edpravok, vhodn\u00fd pre v\u0161etky typy vlasov a v\u0161etky typy poko\u017eky. Po vstreban\u00ed do \u0161trukt\u00fary vlasu m\u00e1 dlhotrvaj\u00faci \u00fa\u010dinok. M\u00f4\u017ee sa pou\u017ei\u0165 zrieden\u00fd aj koncentrovan\u00fd.<\/p>","protected":false},"excerpt":{"rendered":"<p>\u0160peci\u00e1lny \u0161amp\u00f3n na vlasy, ktor\u00fd sa odpor\u00fa\u010da najm\u00e4 po transplant\u00e1cii vlasov, hydratuje a upokojuje vlasov\u00fa poko\u017eku<\/p>","protected":false},"featured_media":85,"template":"","meta":[],"product_brand":[],"product_cat":[17],"product_tag":[],"class_list":{"0":"post-54","1":"product","2":"type-product","3":"status-publish","4":"has-post-thumbnail","6":"product_cat-sampon","8":"first","9":"instock","10":"taxable","11":"shipping-taxable","12":"purchasable","13":"product-type-simple"},"_links":{"self":[{"href":"https:\/\/himg.clinic\/webshop\/sk\/wp-json\/wp\/v2\/product\/54","targetHints":{"allow":["GET"]}}],"collection":[{"href":"https:\/\/himg.clinic\/webshop\/sk\/wp-json\/wp\/v2\/product"}],"about":[{"href":"https:\/\/himg.clinic\/webshop\/sk\/wp-json\/wp\/v2\/types\/product"}],"wp:featuredmedia":[{"embeddable":true,"href":"https:\/\/himg.clinic\/webshop\/sk\/wp-json\/wp\/v2\/media\/85"}],"wp:attachment":[{"href":"https:\/\/himg.clinic\/webshop\/sk\/wp-json\/wp\/v2\/media?parent=54"}],"wp:term":[{"taxonomy":"product_brand","embeddable":true,"href":"https:\/\/himg.clinic\/webshop\/sk\/wp-json\/wp\/v2\/product_brand?post=54"},{"taxonomy":"product_cat","embeddable":true,"href":"https:\/\/himg.clinic\/webshop\/sk\/wp-json\/wp\/v2\/product_cat?post=54"},{"taxonomy":"product_tag","embeddable":true,"href":"https:\/\/himg.clinic\/webshop\/sk\/wp-json\/wp\/v2\/product_tag?post=54"}],"curies":[{"name":"wp","href":"https:\/\/api.w.org\/{rel}","templated":true}]}}