{"id":51,"date":"2021-02-03T11:03:18","date_gmt":"2021-02-03T10:03:18","guid":{"rendered":"https:\/\/himg.clinic\/webshop\/?post_type=product&#038;p=51"},"modified":"2021-12-01T15:00:37","modified_gmt":"2021-12-01T14:00:37","slug":"aha-tonic","status":"publish","type":"product","link":"https:\/\/himg.clinic\/webshop\/sk\/produkt\/aha-tonic\/","title":{"rendered":"Aha + tonic"},"content":{"rendered":"<p>Pou\u017e\u00edva sa ako s\u00fa\u010das\u0165 k\u00far na podporu rastu vlasov. Tonic m\u00e1 hydrata\u010dn\u00fd a omladzuj\u00faci \u00fa\u010dinok na poko\u017eku hlavy, taktie\u017e regenera\u010dn\u00fd \u00fa\u010dinok. AHA kyseliny patria pre obsah ovocn\u00fdch kysel\u00edn medzi najsilnej\u0161ie prostriedky s mimoriadnym prekrvovac\u00edm \u00fa\u010dinkom. Jeho absorp\u010dn\u00e1 kapacita sa pohybuje okolo 85-90% v bioenergetickej \u0161k\u00e1le. Pou\u017e\u00edvanie nezvy\u0161uje mastnotu vlasov. Nedoporu\u010dujeme pou\u017e\u00e1va\u0165 samostatne, predch\u00e1dza mu lie\u010debn\u00fd k\u00fape\u013e na vlasy. Pou\u017e\u00edva sa ako posledn\u00fd krok o\u0161etrenia, neoplachujte.<\/p>","protected":false},"excerpt":{"rendered":"<p>Tonikum proti vypad\u00e1vaniu vlasov. S blahodarn\u00fdmi \u00fa\u010dinkami tymianu a extraktu z necht\u00edka. Rastlinn\u00e9 kme\u0148ov\u00e9 bunky sa z\u00edskavaj\u00fa z UTTWILER SPATLAUBER a zelen\u00fdch jab\u013ak, ktor\u00e9 pom\u00e1haj\u00fa zlep\u0161ova\u0165 kvalitu vlasov.<\/p>","protected":false},"featured_media":87,"template":"","meta":[],"product_brand":[],"product_cat":[18],"product_tag":[],"class_list":{"0":"post-51","1":"product","2":"type-product","3":"status-publish","4":"has-post-thumbnail","6":"product_cat-tonic","8":"first","9":"instock","10":"taxable","11":"shipping-taxable","12":"purchasable","13":"product-type-simple"},"_links":{"self":[{"href":"https:\/\/himg.clinic\/webshop\/sk\/wp-json\/wp\/v2\/product\/51","targetHints":{"allow":["GET"]}}],"collection":[{"href":"https:\/\/himg.clinic\/webshop\/sk\/wp-json\/wp\/v2\/product"}],"about":[{"href":"https:\/\/himg.clinic\/webshop\/sk\/wp-json\/wp\/v2\/types\/product"}],"wp:featuredmedia":[{"embeddable":true,"href":"https:\/\/himg.clinic\/webshop\/sk\/wp-json\/wp\/v2\/media\/87"}],"wp:attachment":[{"href":"https:\/\/himg.clinic\/webshop\/sk\/wp-json\/wp\/v2\/media?parent=51"}],"wp:term":[{"taxonomy":"product_brand","embeddable":true,"href":"https:\/\/himg.clinic\/webshop\/sk\/wp-json\/wp\/v2\/product_brand?post=51"},{"taxonomy":"product_cat","embeddable":true,"href":"https:\/\/himg.clinic\/webshop\/sk\/wp-json\/wp\/v2\/product_cat?post=51"},{"taxonomy":"product_tag","embeddable":true,"href":"https:\/\/himg.clinic\/webshop\/sk\/wp-json\/wp\/v2\/product_tag?post=51"}],"curies":[{"name":"wp","href":"https:\/\/api.w.org\/{rel}","templated":true}]}}