{"id":58,"date":"2021-02-06T11:23:25","date_gmt":"2021-02-06T10:23:25","guid":{"rendered":"https:\/\/himg.clinic\/webshop\/?post_type=product&#038;p=58"},"modified":"2021-12-01T15:01:20","modified_gmt":"2021-12-01T14:01:20","slug":"hajbeultetes-utani-protein","status":"publish","type":"product","link":"https:\/\/himg.clinic\/webshop\/de\/produkt\/hajbeultetes-utani-protein\/","title":{"rendered":"Protein nach der Transplantation"},"content":{"rendered":"<p>Bioenergetische Messungen zeigen, dass nach \u00d6lessenzen eben die Ampullen die st\u00e4rksten Wirkstoffe enthalten. Wird als letzter Schritt bei Behandlungen verwendet. Es wirkt 48 Stunden lang und sorgt so f\u00fcr eine verl\u00e4ngerte, kontinuierliche Aufnahme des Wirkstoffs. Der darin enthaltene Ethylalkohol ist ein durch Fermentation gewonnenes L\u00f6sungsmittel nat\u00fcrlichen Ursprungs. Einige Typen k\u00f6nnen nicht bei entz\u00fcndeter Kopfhaut verwendet werden!<\/p>","protected":false},"excerpt":{"rendered":"<p>Heilt und regeneriert die Verletzungen an k\u00fcrzlich implantierten Haaren und Haarfollikeln nach der Haartransplantation.<\/p>","protected":false},"featured_media":91,"template":"","meta":[],"product_brand":[],"product_cat":[19],"product_tag":[],"class_list":{"0":"post-58","1":"product","2":"type-product","3":"status-publish","4":"has-post-thumbnail","6":"product_cat-protein-lotion","8":"first","9":"instock","10":"taxable","11":"shipping-taxable","12":"purchasable","13":"product-type-simple"},"_links":{"self":[{"href":"https:\/\/himg.clinic\/webshop\/de\/wp-json\/wp\/v2\/product\/58","targetHints":{"allow":["GET"]}}],"collection":[{"href":"https:\/\/himg.clinic\/webshop\/de\/wp-json\/wp\/v2\/product"}],"about":[{"href":"https:\/\/himg.clinic\/webshop\/de\/wp-json\/wp\/v2\/types\/product"}],"wp:featuredmedia":[{"embeddable":true,"href":"https:\/\/himg.clinic\/webshop\/de\/wp-json\/wp\/v2\/media\/91"}],"wp:attachment":[{"href":"https:\/\/himg.clinic\/webshop\/de\/wp-json\/wp\/v2\/media?parent=58"}],"wp:term":[{"taxonomy":"product_brand","embeddable":true,"href":"https:\/\/himg.clinic\/webshop\/de\/wp-json\/wp\/v2\/product_brand?post=58"},{"taxonomy":"product_cat","embeddable":true,"href":"https:\/\/himg.clinic\/webshop\/de\/wp-json\/wp\/v2\/product_cat?post=58"},{"taxonomy":"product_tag","embeddable":true,"href":"https:\/\/himg.clinic\/webshop\/de\/wp-json\/wp\/v2\/product_tag?post=58"}],"curies":[{"name":"wp","href":"https:\/\/api.w.org\/{rel}","templated":true}]}}