{"id":57,"date":"2021-02-02T11:20:48","date_gmt":"2021-02-02T10:20:48","guid":{"rendered":"https:\/\/himg.clinic\/webshop\/?post_type=product&#038;p=57"},"modified":"2021-12-01T15:00:22","modified_gmt":"2021-12-01T14:00:22","slug":"tea-fa-olaj-hajfurdo","status":"publish","type":"product","link":"https:\/\/himg.clinic\/webshop\/de\/produkt\/tea-fa-olaj-hajfurdo\/","title":{"rendered":"Teebaum\u00f6l Haarbad nach der Transplantation"},"content":{"rendered":"<p>Reguliert die Talgproduktion. Dank seiner regenerierenden, aufbauenden und feuchtigkeitsspendenden Wirkung stellt KERATIN die Gesundheit und den nat\u00fcrlichen Glanz des Haares wieder her. Der w\u00fcrzig-frische Duft des nat\u00fcrlichen \u00e4therischen Teebaum\u00f6ls wurde durch den s\u00fc\u00dfen, fruchtigen Duft des \u00e4therischen Orangen\u00f6ls gemildert.<\/p>","protected":false},"excerpt":{"rendered":"<p>Es reguliert die Talgbildung.\nReduziert bakterielle Schuppen.\nEs stellt das nat\u00fcrliche Gleichgewicht der Kopfhaut wieder her.<\/p>","protected":false},"featured_media":92,"template":"","meta":[],"product_brand":[],"product_cat":[17],"product_tag":[],"class_list":{"0":"post-57","1":"product","2":"type-product","3":"status-publish","4":"has-post-thumbnail","6":"product_cat-sampon","8":"first","9":"instock","10":"taxable","11":"shipping-taxable","12":"purchasable","13":"product-type-simple"},"_links":{"self":[{"href":"https:\/\/himg.clinic\/webshop\/de\/wp-json\/wp\/v2\/product\/57","targetHints":{"allow":["GET"]}}],"collection":[{"href":"https:\/\/himg.clinic\/webshop\/de\/wp-json\/wp\/v2\/product"}],"about":[{"href":"https:\/\/himg.clinic\/webshop\/de\/wp-json\/wp\/v2\/types\/product"}],"wp:featuredmedia":[{"embeddable":true,"href":"https:\/\/himg.clinic\/webshop\/de\/wp-json\/wp\/v2\/media\/92"}],"wp:attachment":[{"href":"https:\/\/himg.clinic\/webshop\/de\/wp-json\/wp\/v2\/media?parent=57"}],"wp:term":[{"taxonomy":"product_brand","embeddable":true,"href":"https:\/\/himg.clinic\/webshop\/de\/wp-json\/wp\/v2\/product_brand?post=57"},{"taxonomy":"product_cat","embeddable":true,"href":"https:\/\/himg.clinic\/webshop\/de\/wp-json\/wp\/v2\/product_cat?post=57"},{"taxonomy":"product_tag","embeddable":true,"href":"https:\/\/himg.clinic\/webshop\/de\/wp-json\/wp\/v2\/product_tag?post=57"}],"curies":[{"name":"wp","href":"https:\/\/api.w.org\/{rel}","templated":true}]}}