{"id":56,"date":"2021-02-01T11:16:35","date_gmt":"2021-02-01T10:16:35","guid":{"rendered":"https:\/\/himg.clinic\/webshop\/?post_type=product&#038;p=56"},"modified":"2021-12-01T15:00:09","modified_gmt":"2021-12-01T14:00:09","slug":"zsiros-korpasodas-elleni-gyulladas-csokkento-sampon","status":"publish","type":"product","link":"https:\/\/himg.clinic\/webshop\/de\/produkt\/zsiros-korpasodas-elleni-gyulladas-csokkento-sampon\/","title":{"rendered":"Anti-Schuppen-Shampoo und fettiges Haar"},"content":{"rendered":"<p>Leider gibt es heutzutage eine weit verbreitete bakterielle Infektion, charakteristisch durch fettige Schuppen. Dieses Shampoo wird bei solcher Infektion verwendet. Durch seine stark reinigende und bakterizide Wirkung nimmt es effektiv den Kampf gegen hartn\u00e4ckige Infektionen auf. F\u00fcr Dauerverwendung ist es auch hervorragend geeignet. Bei einer schweren Infektion kann es durch andere Behandlungen erg\u00e4nzt werden. Es enth\u00e4lt Extrakte aus Ricinus-Communis-Samen\u00f6l, Kletten, Wacholderbeeren, Birke, isl\u00e4ndische Flechten, unter anderem Weizenkeimproteinbestandteile. Es bietet auch Schutz vor anderen Parasiten, die die Kopfhaut angreifen. Konzentrat und sollte daher 2 : 1 verd\u00fcnnt werden.<\/p>","protected":false},"excerpt":{"rendered":"<p>Ein spezielles Haarbad, das entz\u00fcndungshemmende und bakterizide Wirkstoffe enth\u00e4lt.<\/p>","protected":false},"featured_media":88,"template":"","meta":[],"product_brand":[],"product_cat":[17],"product_tag":[],"class_list":{"0":"post-56","1":"product","2":"type-product","3":"status-publish","4":"has-post-thumbnail","6":"product_cat-sampon","8":"first","9":"instock","10":"taxable","11":"shipping-taxable","12":"purchasable","13":"product-type-simple"},"_links":{"self":[{"href":"https:\/\/himg.clinic\/webshop\/de\/wp-json\/wp\/v2\/product\/56","targetHints":{"allow":["GET"]}}],"collection":[{"href":"https:\/\/himg.clinic\/webshop\/de\/wp-json\/wp\/v2\/product"}],"about":[{"href":"https:\/\/himg.clinic\/webshop\/de\/wp-json\/wp\/v2\/types\/product"}],"wp:featuredmedia":[{"embeddable":true,"href":"https:\/\/himg.clinic\/webshop\/de\/wp-json\/wp\/v2\/media\/88"}],"wp:attachment":[{"href":"https:\/\/himg.clinic\/webshop\/de\/wp-json\/wp\/v2\/media?parent=56"}],"wp:term":[{"taxonomy":"product_brand","embeddable":true,"href":"https:\/\/himg.clinic\/webshop\/de\/wp-json\/wp\/v2\/product_brand?post=56"},{"taxonomy":"product_cat","embeddable":true,"href":"https:\/\/himg.clinic\/webshop\/de\/wp-json\/wp\/v2\/product_cat?post=56"},{"taxonomy":"product_tag","embeddable":true,"href":"https:\/\/himg.clinic\/webshop\/de\/wp-json\/wp\/v2\/product_tag?post=56"}],"curies":[{"name":"wp","href":"https:\/\/api.w.org\/{rel}","templated":true}]}}