{"id":55,"date":"2021-02-08T11:00:39","date_gmt":"2021-02-08T10:00:39","guid":{"rendered":"https:\/\/himg.clinic\/webshop\/?post_type=product&#038;p=55"},"modified":"2021-12-01T15:01:39","modified_gmt":"2021-12-01T14:01:39","slug":"hajbeultetes-elotti-sampon","status":"publish","type":"product","link":"https:\/\/himg.clinic\/webshop\/de\/produkt\/hajbeultetes-elotti-sampon\/","title":{"rendered":"Pflegeshampoo vor der Transplantation"},"content":{"rendered":"<p>Es ist ein starkes therapeutisches Mittel aufgrund der Inhaltsstoffe von Kletten, Wacholderbeeren, wei\u00dfer Birkenrinde, isl\u00e4ndischer Flechte, Pfefferminze, Allantoin und Lavendel. Es reinigt die Kopfhaut auf biophysikalische Weise. Bei Anwendung k\u00f6nnen wir eine L\u00f6sung f\u00fcr jahrelang anhaltende Probleme bekommen, die nicht nur f\u00fcr einige Tage die hartn\u00e4ckigen Symptome beseitigt. Konzentrat, sollte daher 2 : 1 verd\u00fcnnt werden.<\/p>","protected":false},"excerpt":{"rendered":"<p>Verj\u00fcngendes, regenerierendes und haarwachstumsf\u00f6rderndes Shampoo f\u00fcr die Kopfhaut. Die pflanzliche Stammzellen liefern wichtige N\u00e4hrstoffe zur Steigerung der Vitalit\u00e4t und Langlebigkeit der menschlichen Stammzellen.<\/p>","protected":false},"featured_media":89,"template":"","meta":[],"product_brand":[],"product_cat":[17],"product_tag":[],"class_list":{"0":"post-55","1":"product","2":"type-product","3":"status-publish","4":"has-post-thumbnail","6":"product_cat-sampon","8":"first","9":"instock","10":"taxable","11":"shipping-taxable","12":"purchasable","13":"product-type-simple"},"_links":{"self":[{"href":"https:\/\/himg.clinic\/webshop\/de\/wp-json\/wp\/v2\/product\/55","targetHints":{"allow":["GET"]}}],"collection":[{"href":"https:\/\/himg.clinic\/webshop\/de\/wp-json\/wp\/v2\/product"}],"about":[{"href":"https:\/\/himg.clinic\/webshop\/de\/wp-json\/wp\/v2\/types\/product"}],"wp:featuredmedia":[{"embeddable":true,"href":"https:\/\/himg.clinic\/webshop\/de\/wp-json\/wp\/v2\/media\/89"}],"wp:attachment":[{"href":"https:\/\/himg.clinic\/webshop\/de\/wp-json\/wp\/v2\/media?parent=55"}],"wp:term":[{"taxonomy":"product_brand","embeddable":true,"href":"https:\/\/himg.clinic\/webshop\/de\/wp-json\/wp\/v2\/product_brand?post=55"},{"taxonomy":"product_cat","embeddable":true,"href":"https:\/\/himg.clinic\/webshop\/de\/wp-json\/wp\/v2\/product_cat?post=55"},{"taxonomy":"product_tag","embeddable":true,"href":"https:\/\/himg.clinic\/webshop\/de\/wp-json\/wp\/v2\/product_tag?post=55"}],"curies":[{"name":"wp","href":"https:\/\/api.w.org\/{rel}","templated":true}]}}