{"id":54,"date":"2021-02-07T11:10:53","date_gmt":"2021-02-07T10:10:53","guid":{"rendered":"https:\/\/himg.clinic\/webshop\/?post_type=product&#038;p=54"},"modified":"2021-12-01T15:01:32","modified_gmt":"2021-12-01T14:01:32","slug":"hajbeultetes-utani-sampon","status":"publish","type":"product","link":"https:\/\/himg.clinic\/webshop\/de\/produkt\/hajbeultetes-utani-sampon\/","title":{"rendered":"Pflegeshampoo nach der Transplantation"},"content":{"rendered":"<p>Mandelhaarbad. Es ist ein Produkt der zum Ausgleich der Wasser-Lipid-Schicht der Kopfhaut dient. Seine feuchtigkeitsspendende, wasserbindende F\u00e4higkeit ist haupts\u00e4chlich auf den Mandelinhaltsstoff zur\u00fcckzuf\u00fchren. Universelles Produkt, geeignet f\u00fcr alle Haartypen, Kopfhaut und Alter. Wenn es tief in die Haarstruktur aufgenommen wird, hat es eine langanhaltende Wirkung. Es kann sowohl verd\u00fcnnt als auch konzentriert verwendet werden.<\/p>","protected":false},"excerpt":{"rendered":"<p>Spezielles Haarbad, das besonders nach der Haartransplantation zu empfehlen ist, spendet Feuchtigkeit und beruhigt die Kopfhaut.<\/p>","protected":false},"featured_media":85,"template":"","meta":[],"product_brand":[],"product_cat":[17],"product_tag":[],"class_list":{"0":"post-54","1":"product","2":"type-product","3":"status-publish","4":"has-post-thumbnail","6":"product_cat-sampon","8":"first","9":"instock","10":"taxable","11":"shipping-taxable","12":"purchasable","13":"product-type-simple"},"_links":{"self":[{"href":"https:\/\/himg.clinic\/webshop\/de\/wp-json\/wp\/v2\/product\/54","targetHints":{"allow":["GET"]}}],"collection":[{"href":"https:\/\/himg.clinic\/webshop\/de\/wp-json\/wp\/v2\/product"}],"about":[{"href":"https:\/\/himg.clinic\/webshop\/de\/wp-json\/wp\/v2\/types\/product"}],"wp:featuredmedia":[{"embeddable":true,"href":"https:\/\/himg.clinic\/webshop\/de\/wp-json\/wp\/v2\/media\/85"}],"wp:attachment":[{"href":"https:\/\/himg.clinic\/webshop\/de\/wp-json\/wp\/v2\/media?parent=54"}],"wp:term":[{"taxonomy":"product_brand","embeddable":true,"href":"https:\/\/himg.clinic\/webshop\/de\/wp-json\/wp\/v2\/product_brand?post=54"},{"taxonomy":"product_cat","embeddable":true,"href":"https:\/\/himg.clinic\/webshop\/de\/wp-json\/wp\/v2\/product_cat?post=54"},{"taxonomy":"product_tag","embeddable":true,"href":"https:\/\/himg.clinic\/webshop\/de\/wp-json\/wp\/v2\/product_tag?post=54"}],"curies":[{"name":"wp","href":"https:\/\/api.w.org\/{rel}","templated":true}]}}