{"id":51,"date":"2021-02-03T11:03:18","date_gmt":"2021-02-03T10:03:18","guid":{"rendered":"https:\/\/himg.clinic\/webshop\/?post_type=product&#038;p=51"},"modified":"2021-12-01T15:00:37","modified_gmt":"2021-12-01T14:00:37","slug":"aha-tonic","status":"publish","type":"product","link":"https:\/\/himg.clinic\/webshop\/de\/produkt\/aha-tonic\/","title":{"rendered":"Aha+ tonic"},"content":{"rendered":"<p>Wird als Teil von Haarwuchsbehandlungen verwendet. Feuchtigkeitsspendende, kopfhautverj\u00fcngende, kopfhautregenerierende Wirkung. Aufgrund seines AHA Fruchts\u00e4uregehaltes ist ein starkes Mittel mit starker kreislauferregender Wirkung. Seine Aufnahmekapazit\u00e4t liegt auf der bioenergetischen Skala bei etwa 85-90%. Seine Verwendung erh\u00f6ht nicht die Bildung vom Fett auf der Kopfhaut. Es kann nicht allein verwendet werden, es geht ein therapeutisches Haarbad voraus. Es wird als letzter Schritt der Behandlung verwendet, nicht Aussp\u00fclen.<\/p>","protected":false},"excerpt":{"rendered":"<p>Tonikum gegen Haarausfall. Mit der wohltuenden Wirkung von Thymian und Ringelblumenextrakt. Die Pflanzenstammzellen werden aus UTTWILER SPATLAUBER und gr\u00fcnen \u00c4pfeln gewonnen, die zur Verbesserung der Haarqualit\u00e4t beitragen.<\/p>","protected":false},"featured_media":87,"template":"","meta":[],"product_brand":[],"product_cat":[18],"product_tag":[],"class_list":{"0":"post-51","1":"product","2":"type-product","3":"status-publish","4":"has-post-thumbnail","6":"product_cat-tonic","8":"first","9":"instock","10":"taxable","11":"shipping-taxable","12":"purchasable","13":"product-type-simple"},"_links":{"self":[{"href":"https:\/\/himg.clinic\/webshop\/de\/wp-json\/wp\/v2\/product\/51","targetHints":{"allow":["GET"]}}],"collection":[{"href":"https:\/\/himg.clinic\/webshop\/de\/wp-json\/wp\/v2\/product"}],"about":[{"href":"https:\/\/himg.clinic\/webshop\/de\/wp-json\/wp\/v2\/types\/product"}],"wp:featuredmedia":[{"embeddable":true,"href":"https:\/\/himg.clinic\/webshop\/de\/wp-json\/wp\/v2\/media\/87"}],"wp:attachment":[{"href":"https:\/\/himg.clinic\/webshop\/de\/wp-json\/wp\/v2\/media?parent=51"}],"wp:term":[{"taxonomy":"product_brand","embeddable":true,"href":"https:\/\/himg.clinic\/webshop\/de\/wp-json\/wp\/v2\/product_brand?post=51"},{"taxonomy":"product_cat","embeddable":true,"href":"https:\/\/himg.clinic\/webshop\/de\/wp-json\/wp\/v2\/product_cat?post=51"},{"taxonomy":"product_tag","embeddable":true,"href":"https:\/\/himg.clinic\/webshop\/de\/wp-json\/wp\/v2\/product_tag?post=51"}],"curies":[{"name":"wp","href":"https:\/\/api.w.org\/{rel}","templated":true}]}}