{"id":40,"date":"2021-02-04T13:12:24","date_gmt":"2021-02-04T12:12:24","guid":{"rendered":"https:\/\/himg.clinic\/webshop\/?post_type=product&#038;p=40"},"modified":"2021-12-01T15:00:48","modified_gmt":"2021-12-01T14:00:48","slug":"aha-hajfurdo-sampon","status":"publish","type":"product","link":"https:\/\/himg.clinic\/webshop\/de\/produkt\/aha-hajfurdo-sampon\/","title":{"rendered":"Aha + Haarbad-Shampoo"},"content":{"rendered":"<p>Vylep\u0161en\u00e1 verzia AHA \u0161amp\u00f3nu. Produkt obohaten\u00fd o kult\u00faru kme\u0148ov\u00fdch buniek jazvov\u00e9ho tkaniva z\u00edskan\u00fa zo zelen\u00fdch jab\u013ak (Uttwiler Sp\u00e4tlauber). Rastlinn\u00e9 kme\u0148ov\u00e9 bunky \u00fa\u010dinne prispievaj\u00fa k zvy\u0161ovaniu \u017eivotnosti a vitality \u013eudsk\u00fdch kme\u0148ov\u00fdch buniek. Vy\u017eivuje kme\u0148ov\u00e9 bunky vo vlasov\u00fdch folikuloch, pom\u00e1ha im deli\u0165 sa, \u010do vedie k zahusteniu vlasov.<br \/>\nLie\u010dba kme\u0148ov\u00fdmi bunkami je u\u017e dlho v\u0161eobecne zn\u00e1ma. Vlasov\u00fd k\u00fape\u013e m\u00e1 \u00fa\u010dinok na zlep\u0161enie prekrvenia, tak\u017ee to treba bra\u0165 do \u00favahy pri jeho pou\u017e\u00edvan\u00ed. Na silne zap\u00e1len\u00fa poko\u017eku hlavy pou\u017e\u00edvajte len pri v\u00e4\u010d\u0161om rieden\u00ed. Je to koncentr\u00e1t a mus\u00ed sa riedi\u0165 v pomere 2:1.<\/p>","protected":false},"excerpt":{"rendered":"<p>Verj\u00fcngendes, regenerierendes und haarwachstumsf\u00f6rderndes Shampoo f\u00fcr die Kopfhaut. Die pflanzliche Stammzellen liefern wichtige N\u00e4hrstoffe zur Steigerung der Vitalit\u00e4t und Langlebigkeit der menschlichen Stammzellen.<\/p>","protected":false},"featured_media":86,"template":"","meta":[],"product_brand":[],"product_cat":[17],"product_tag":[],"class_list":{"0":"post-40","1":"product","2":"type-product","3":"status-publish","4":"has-post-thumbnail","6":"product_cat-sampon","8":"first","9":"instock","10":"taxable","11":"shipping-taxable","12":"purchasable","13":"product-type-simple"},"_links":{"self":[{"href":"https:\/\/himg.clinic\/webshop\/de\/wp-json\/wp\/v2\/product\/40","targetHints":{"allow":["GET"]}}],"collection":[{"href":"https:\/\/himg.clinic\/webshop\/de\/wp-json\/wp\/v2\/product"}],"about":[{"href":"https:\/\/himg.clinic\/webshop\/de\/wp-json\/wp\/v2\/types\/product"}],"wp:featuredmedia":[{"embeddable":true,"href":"https:\/\/himg.clinic\/webshop\/de\/wp-json\/wp\/v2\/media\/86"}],"wp:attachment":[{"href":"https:\/\/himg.clinic\/webshop\/de\/wp-json\/wp\/v2\/media?parent=40"}],"wp:term":[{"taxonomy":"product_brand","embeddable":true,"href":"https:\/\/himg.clinic\/webshop\/de\/wp-json\/wp\/v2\/product_brand?post=40"},{"taxonomy":"product_cat","embeddable":true,"href":"https:\/\/himg.clinic\/webshop\/de\/wp-json\/wp\/v2\/product_cat?post=40"},{"taxonomy":"product_tag","embeddable":true,"href":"https:\/\/himg.clinic\/webshop\/de\/wp-json\/wp\/v2\/product_tag?post=40"}],"curies":[{"name":"wp","href":"https:\/\/api.w.org\/{rel}","templated":true}]}}